{"id":36,"date":"2026-03-18T12:57:56","date_gmt":"2026-03-18T11:57:56","guid":{"rendered":"https:\/\/www.bolztech.de\/?page_id=36"},"modified":"2026-03-19T08:38:54","modified_gmt":"2026-03-19T07:38:54","slug":"honeywell","status":"publish","type":"page","link":"https:\/\/www.bolztech.de\/?page_id=36","title":{"rendered":"Honeywell"},"content":{"rendered":"\n<p><strong>Zuverl\u00e4ssiger Schutz mit Honeywell Security Alarmanlagen<\/strong><\/p>\n\n\n\n<p>Sicherheit ist Vertrauenssache \u2013 und genau daf\u00fcr stehen Honeywell Security Alarmanlagen. Als weltweit etablierter Anbieter intelligenter Sicherheitstechnologien bietet Honeywell innovative L\u00f6sungen, die Ihr Zuhause oder Ihr Unternehmen effektiv vor Einbruch, Diebstahl und anderen Gefahren sch\u00fctzen.<\/p>\n\n\n\n<p><strong>Modernste Technik f\u00fcr maximale Sicherheit<\/strong><br>Honeywell Alarmanlagen kombinieren fortschrittliche Sensortechnologie mit benutzerfreundlicher Bedienung. Ob Bewegungsmelder, T\u00fcr- und Fensterkontakte oder smarte Steuerung per App \u2013 alle Komponenten arbeiten perfekt zusammen, um Ihnen ein H\u00f6chstma\u00df an Sicherheit zu garantieren.<\/p>\n\n\n\n<p><strong>Individuell anpassbare Systeme<\/strong><br>Jede Immobilie ist einzigartig. Deshalb lassen sich Honeywell Systeme flexibel an Ihre Bed\u00fcrfnisse anpassen \u2013 vom Einfamilienhaus bis hin zu komplexen Gewerbeobjekten. Erweiterungsm\u00f6glichkeiten sorgen daf\u00fcr, dass Ihre Sicherheitsl\u00f6sung jederzeit mit Ihren Anforderungen w\u00e4chst.<\/p>\n\n\n\n<p><strong>Intelligente Steuerung \u2013 jederzeit und \u00fcberall<\/strong><br>Dank moderner Smart-Home-Integration behalten Sie die Kontrolle \u00fcber Ihr Sicherheitssystem \u2013 egal, wo Sie sich befinden. Per Smartphone oder Tablet k\u00f6nnen Sie Ihre Alarmanlage steuern, Benachrichtigungen empfangen und jederzeit den Status Ihres Systems \u00fcberpr\u00fcfen.<\/p>\n\n\n\n<p><strong>Zuverl\u00e4ssigkeit, auf die Sie sich verlassen k\u00f6nnen<\/strong><br>Honeywell steht seit Jahrzehnten f\u00fcr Qualit\u00e4t und Innovation im Bereich Sicherheitstechnik. Die Systeme sind robust, langlebig und erf\u00fcllen h\u00f6chste Sicherheitsstandards \u2013 f\u00fcr ein beruhigendes Gef\u00fchl rund um die Uhr.<\/p>\n\n\n\n<p><strong>Ihr Partner f\u00fcr Sicherheit<\/strong><br>Wir unterst\u00fctzen Sie von der Planung \u00fcber die Installation bis hin zur Wartung Ihrer Honeywell Alarmanlage. Vertrauen Sie auf unsere Expertise und sch\u00fctzen Sie, was Ihnen wichtig ist.<\/p>\n\n\n\n<p><strong>Betreuung \u00e4lter Anlagen<\/strong><br>Wir unterst\u00fctzen und betreuen auch noch anlagen \u00e4lteren Jahrgangs wie die MB-Classic, HB24, HB48, HB100<\/p>\n","protected":false},"excerpt":{"rendered":"<p>Zuverl\u00e4ssiger Schutz mit Honeywell Security Alarmanlagen Sicherheit ist Vertrauenssache \u2013 und genau daf\u00fcr stehen Honeywell Security Alarmanlagen. Als weltweit etablierter Anbieter intelligenter Sicherheitstechnologien bietet Honeywell innovative L\u00f6sungen, die Ihr Zuhause oder Ihr Unternehmen effektiv vor Einbruch, Diebstahl und anderen Gefahren sch\u00fctzen. Modernste Technik f\u00fcr maximale SicherheitHoneywell Alarmanlagen kombinieren fortschrittliche Sensortechnologie mit benutzerfreundlicher Bedienung. Ob Bewegungsmelder,&#8230;<\/p>\n","protected":false},"author":1,"featured_media":0,"parent":0,"menu_order":0,"comment_status":"closed","ping_status":"closed","template":"","meta":{"_kad_post_transparent":"","_kad_post_title":"","_kad_post_layout":"","_kad_post_sidebar_id":"","_kad_post_content_style":"","_kad_post_vertical_padding":"","_kad_post_feature":"","_kad_post_feature_position":"","_kad_post_header":false,"_kad_post_footer":false,"_kad_post_classname":"","iawp_total_views":8,"footnotes":""},"class_list":["post-36","page","type-page","status-publish","hentry"],"_links":{"self":[{"href":"https:\/\/www.bolztech.de\/index.php?rest_route=\/wp\/v2\/pages\/36","targetHints":{"allow":["GET"]}}],"collection":[{"href":"https:\/\/www.bolztech.de\/index.php?rest_route=\/wp\/v2\/pages"}],"about":[{"href":"https:\/\/www.bolztech.de\/index.php?rest_route=\/wp\/v2\/types\/page"}],"author":[{"embeddable":true,"href":"https:\/\/www.bolztech.de\/index.php?rest_route=\/wp\/v2\/users\/1"}],"replies":[{"embeddable":true,"href":"https:\/\/www.bolztech.de\/index.php?rest_route=%2Fwp%2Fv2%2Fcomments&post=36"}],"version-history":[{"count":3,"href":"https:\/\/www.bolztech.de\/index.php?rest_route=\/wp\/v2\/pages\/36\/revisions"}],"predecessor-version":[{"id":62,"href":"https:\/\/www.bolztech.de\/index.php?rest_route=\/wp\/v2\/pages\/36\/revisions\/62"}],"wp:attachment":[{"href":"https:\/\/www.bolztech.de\/index.php?rest_route=%2Fwp%2Fv2%2Fmedia&parent=36"}],"curies":[{"name":"wp","href":"https:\/\/api.w.org\/{rel}","templated":true}]}}